{"id":66,"date":"2015-05-20T22:47:14","date_gmt":"2015-05-20T20:47:14","guid":{"rendered":"http:\/\/musikfee.com\/?page_id=66"},"modified":"2018-01-29T22:11:26","modified_gmt":"2018-01-29T21:11:26","slug":"musikzwerge","status":"publish","type":"page","link":"https:\/\/musikfee.com\/?page_id=66","title":{"rendered":"Musikzwerge"},"content":{"rendered":"<p><a href=\"https:\/\/musikfee.com\/wp-content\/uploads\/2015\/05\/musikfee_kids.jpg\"><img loading=\"lazy\" decoding=\"async\" class=\"size-full wp-image-85\" src=\"https:\/\/musikfee.com\/wp-content\/uploads\/2015\/05\/musikfee_kids.jpg\" alt=\"S\" width=\"899\" height=\"212\" srcset=\"https:\/\/musikfee.com\/wp-content\/uploads\/2015\/05\/musikfee_kids.jpg 899w, https:\/\/musikfee.com\/wp-content\/uploads\/2015\/05\/musikfee_kids-300x71.jpg 300w\" sizes=\"auto, (max-width: 899px) 100vw, 899px\" \/><\/a><\/p>\n<p class=\"bodytext\" style=\"text-align: center;\">Das Eltern-Kind-Programm mit Musik<\/p>\n<p class=\"bodytext\" style=\"text-align: center;\">Kinder werden mit ihren Eltern zum gemeinsamen Musizieren angeregt. So entwickeln die Kinder mit Spa\u00df und ohne Leistungsdruck ein Bewusstsein f\u00fcr ihre Stimme und ihren K\u00f6rper.<\/p>\n<p style=\"text-align: center;\">Dieser Musikkurs wird f\u00fcr drei Alterstufen angeboten (siehe unten).<\/p>\n<p class=\"bodytext\" style=\"text-align: center;\">Es werden kindgerechte Lieder gesungen, Verse und Geschichten gesprochen. Gemeinsam tanzen wir und spielen auf einfachen Instrumenten wie Klangh\u00f6lzern, Gl\u00f6ckchen und Rasseln.<\/p>\n<p class=\"bodytext\" style=\"text-align: center;\">Musikzwerge schafft den Grundstein f\u00fcr das h\u00e4usliche Musizieren und gibt den Eltern Anregungen, gemeinsam mit\u00a0ihrem Kind die Musik in ihrer ganzen Vielfalt und mit Spa\u00df zu erleben.<\/p>\n<ul>\n<li style=\"text-align: left;\">Der Kurs Musikzwerge I &#8211; ist f\u00fcr Kinder ab 1 Jahr (mit einer Begleitperson)<\/li>\n<li>Der Kurs Musikzwerge II &#8211; ist f\u00fcr Kinder ab 2 Jahre (mit einer Begleitperson)<\/li>\n<li>Der Kurs Musikzwerge III &#8211; ist f\u00fcr Kinder ab 3 Jahre (mit einer Begleitperson)<\/li>\n<li>Kursdauer: 10 Musikstunden (60 Minuten pro Unterrichtsstunde)<\/li>\n<li style=\"text-align: left;\">Grupperngr\u00f6\u00dfe: bis maximal 6 Kinder<\/li>\n<li style=\"text-align: left;\">Musikunterricht findet in der Musikschule Musikfee in Frechen K\u00f6nigsdorf statt<\/li>\n<\/ul>\n","protected":false},"excerpt":{"rendered":"<p>Das Eltern-Kind-Programm mit Musik Kinder werden mit ihren Eltern zum gemeinsamen Musizieren angeregt. So entwickeln die Kinder mit Spa\u00df und ohne Leistungsdruck ein Bewusstsein f\u00fcr ihre Stimme und ihren K\u00f6rper. Dieser Musikkurs wird f\u00fcr drei Alterstufen angeboten (siehe unten). Es werden kindgerechte Lieder gesungen, Verse und Geschichten gesprochen. Gemeinsam tanzen wir und spielen auf einfachen &hellip; <a href=\"https:\/\/musikfee.com\/?page_id=66\" class=\"more-link\">Weiterlesen <span class=\"screen-reader-text\">Musikzwerge<\/span><\/a><\/p>\n","protected":false},"author":1,"featured_media":0,"parent":0,"menu_order":0,"comment_status":"closed","ping_status":"closed","template":"","meta":{"footnotes":""},"class_list":["post-66","page","type-page","status-publish","hentry","without-featured-image"],"_links":{"self":[{"href":"https:\/\/musikfee.com\/index.php?rest_route=\/wp\/v2\/pages\/66","targetHints":{"allow":["GET"]}}],"collection":[{"href":"https:\/\/musikfee.com\/index.php?rest_route=\/wp\/v2\/pages"}],"about":[{"href":"https:\/\/musikfee.com\/index.php?rest_route=\/wp\/v2\/types\/page"}],"author":[{"embeddable":true,"href":"https:\/\/musikfee.com\/index.php?rest_route=\/wp\/v2\/users\/1"}],"replies":[{"embeddable":true,"href":"https:\/\/musikfee.com\/index.php?rest_route=%2Fwp%2Fv2%2Fcomments&post=66"}],"version-history":[{"count":10,"href":"https:\/\/musikfee.com\/index.php?rest_route=\/wp\/v2\/pages\/66\/revisions"}],"predecessor-version":[{"id":166,"href":"https:\/\/musikfee.com\/index.php?rest_route=\/wp\/v2\/pages\/66\/revisions\/166"}],"wp:attachment":[{"href":"https:\/\/musikfee.com\/index.php?rest_route=%2Fwp%2Fv2%2Fmedia&parent=66"}],"curies":[{"name":"wp","href":"https:\/\/api.w.org\/{rel}","templated":true}]}}