{"id":24,"date":"2015-05-19T00:15:39","date_gmt":"2015-05-18T22:15:39","guid":{"rendered":"http:\/\/musikfee.com\/?page_id=24"},"modified":"2016-06-09T22:56:59","modified_gmt":"2016-06-09T20:56:59","slug":"ueber-uns","status":"publish","type":"page","link":"https:\/\/musikfee.com\/","title":{"rendered":"\u00dcber uns&#8230;"},"content":{"rendered":"<p style=\"text-align: center;\"><a href=\"https:\/\/musikfee.com\/wp-content\/uploads\/2015\/05\/musikfee_about.png\"><img loading=\"lazy\" decoding=\"async\" class=\" size-full wp-image-81 aligncenter\" src=\"https:\/\/musikfee.com\/wp-content\/uploads\/2015\/05\/musikfee_about.png\" alt=\"musikfee_about\" width=\"691\" height=\"86\" srcset=\"https:\/\/musikfee.com\/wp-content\/uploads\/2015\/05\/musikfee_about.png 691w, https:\/\/musikfee.com\/wp-content\/uploads\/2015\/05\/musikfee_about-300x37.png 300w\" sizes=\"auto, (max-width: 691px) 100vw, 691px\" \/><\/a><\/p>\n<h3 style=\"text-align: center;\">Musikunterricht<\/h3>\n<p style=\"text-align: center;\">Wir unterrichten nach einem musikp\u00e4dagogischen Konzept, das Kinder und deren Eltern zum gemeinsamen Musizieren anregt. Durch musikalische Kinderspiele, T\u00e4nze und durch das gemeinsame Singen k\u00f6nnen Kinder zusammen mit ihren Eltern ganz spielerisch die eigene Stimme und ihren K\u00f6rper entdecken.<\/p>\n<p style=\"text-align: center;\">Alle Kinder haben die angeborene F\u00e4higkeit sowohl zum Singen als auch zur rhythmischen Bewegung und k\u00f6nnen bereits vor der Geburt im Mutterleib Melodien und die Stimmen der Eltern erkennen. Da die ersten sechs Lebensjahre die wichtigsten f\u00fcr die geistig-seelische Formung eines Menschen sind, sollte man das Kind in dieser Phase besonders mit Musik und Musikinstrumenten vertraut machen, damit es sp\u00e4ter selbst unbefangen musizieren kann.<\/p>\n<p style=\"text-align: center;\">In der Entwicklung eines Kindes f\u00f6rdert Musikunterricht die Wahrnehmung und die Konzentration. Er wirkt sich positiv auf die Sprachentwicklung aus und verbessert die Feinmotorik. Das Ged\u00e4chtnis wird trainiert und durch das gemeinsame Musizieren werden die sozialen F\u00e4higkeiten gef\u00f6rdert. Durch aktuelle Studien wurde nachgewiesen, dass das Musizieren im fr\u00fchen Kindesalter auch positive Auswirkungen auf das logische Denken und die Sprachf\u00e4higkeiten hat.<\/p>\n<p style=\"text-align: center;\">Der Musikunterricht findet in der Musikschule Musikfee in Frechen K\u00f6nigsdorf statt.<\/p>\n<p style=\"text-align: center;\">\n","protected":false},"excerpt":{"rendered":"<p>Musikunterricht Wir unterrichten nach einem musikp\u00e4dagogischen Konzept, das Kinder und deren Eltern zum gemeinsamen Musizieren anregt. Durch musikalische Kinderspiele, T\u00e4nze und durch das gemeinsame Singen k\u00f6nnen Kinder zusammen mit ihren Eltern ganz spielerisch die eigene Stimme und ihren K\u00f6rper entdecken. Alle Kinder haben die angeborene F\u00e4higkeit sowohl zum Singen als auch zur rhythmischen Bewegung und &hellip; <a href=\"https:\/\/musikfee.com\/\" class=\"more-link\">Weiterlesen <span class=\"screen-reader-text\">\u00dcber uns&#8230;<\/span><\/a><\/p>\n","protected":false},"author":1,"featured_media":0,"parent":0,"menu_order":0,"comment_status":"closed","ping_status":"closed","template":"","meta":{"footnotes":""},"class_list":["post-24","page","type-page","status-publish","hentry","without-featured-image"],"_links":{"self":[{"href":"https:\/\/musikfee.com\/index.php?rest_route=\/wp\/v2\/pages\/24","targetHints":{"allow":["GET"]}}],"collection":[{"href":"https:\/\/musikfee.com\/index.php?rest_route=\/wp\/v2\/pages"}],"about":[{"href":"https:\/\/musikfee.com\/index.php?rest_route=\/wp\/v2\/types\/page"}],"author":[{"embeddable":true,"href":"https:\/\/musikfee.com\/index.php?rest_route=\/wp\/v2\/users\/1"}],"replies":[{"embeddable":true,"href":"https:\/\/musikfee.com\/index.php?rest_route=%2Fwp%2Fv2%2Fcomments&post=24"}],"version-history":[{"count":13,"href":"https:\/\/musikfee.com\/index.php?rest_route=\/wp\/v2\/pages\/24\/revisions"}],"predecessor-version":[{"id":156,"href":"https:\/\/musikfee.com\/index.php?rest_route=\/wp\/v2\/pages\/24\/revisions\/156"}],"wp:attachment":[{"href":"https:\/\/musikfee.com\/index.php?rest_route=%2Fwp%2Fv2%2Fmedia&parent=24"}],"curies":[{"name":"wp","href":"https:\/\/api.w.org\/{rel}","templated":true}]}}