{"id":18,"date":"2015-05-18T23:58:07","date_gmt":"2015-05-18T21:58:07","guid":{"rendered":"http:\/\/musikfee.com\/?page_id=18"},"modified":"2018-01-29T22:05:07","modified_gmt":"2018-01-29T21:05:07","slug":"musikalische-frueherziehung","status":"publish","type":"page","link":"https:\/\/musikfee.com\/?page_id=18","title":{"rendered":"Musik f\u00fcr Babys"},"content":{"rendered":"<p><a href=\"https:\/\/musikfee.com\/wp-content\/uploads\/2015\/05\/musikfee_babies.png\"><img loading=\"lazy\" decoding=\"async\" class=\" size-full wp-image-82 aligncenter\" src=\"https:\/\/musikfee.com\/wp-content\/uploads\/2015\/05\/musikfee_babies.png\" alt=\"musikfee_babies\" width=\"360\" height=\"334\" srcset=\"https:\/\/musikfee.com\/wp-content\/uploads\/2015\/05\/musikfee_babies.png 360w, https:\/\/musikfee.com\/wp-content\/uploads\/2015\/05\/musikfee_babies-300x278.png 300w\" sizes=\"auto, (max-width: 360px) 100vw, 360px\" \/><\/a><\/p>\n<p style=\"text-align: center;\">In dem Kurs &#8222;Musik f\u00fcr Babys&#8220; bieten wir ein aktuelles Konzept f\u00fcr Kleinkinder mit einem erwachsenen Partner an. Hierbei geht es um den ersten Kontakt mit Musik, die Freude am Klang, Rhythmus und Bewegung. Den Eltern werden Beispiele vermittelt, wie sie Lieder, Sprechverse, Bewegungs- und Fingerspiele mit ihren Kindern zu Hause singen und spielen k\u00f6nnen.<\/p>\n<p style=\"text-align: center;\">Einfache Instrumente wie Klangst\u00e4be, Rasseln und Gl\u00f6ckchen begleiten den Unterricht. Dieses Projekt m\u00f6chte die Musik wieder zur\u00fcck in die Familien bringen und die Kinder so fr\u00fch wie m\u00f6glich auf spielerische und kindgerechte Art an die Musik heranf\u00fchren.<\/p>\n<ul>\n<li style=\"text-align: left;\">Dieser Kurs is f\u00fcr Kleinkinder ab 3 Monaten (mit einer Begleitperson)<\/li>\n<li style=\"text-align: left;\">Kursdauer: 10 Musikstunden (60 Minuten pro Unterrichtsstunde)<\/li>\n<li style=\"text-align: left;\">Gruppengr\u00f6\u00dfe: bis maximal 6 Kinder<\/li>\n<li style=\"text-align: left;\">Musikunterricht f\u00fcr Babys findet in der Musikschule Musikfee in Frechen K\u00f6nigsdorf statt<\/li>\n<\/ul>\n","protected":false},"excerpt":{"rendered":"<p>In dem Kurs &#8222;Musik f\u00fcr Babys&#8220; bieten wir ein aktuelles Konzept f\u00fcr Kleinkinder mit einem erwachsenen Partner an. Hierbei geht es um den ersten Kontakt mit Musik, die Freude am Klang, Rhythmus und Bewegung. Den Eltern werden Beispiele vermittelt, wie sie Lieder, Sprechverse, Bewegungs- und Fingerspiele mit ihren Kindern zu Hause singen und spielen k\u00f6nnen. &hellip; <a href=\"https:\/\/musikfee.com\/?page_id=18\" class=\"more-link\">Weiterlesen <span class=\"screen-reader-text\">Musik f\u00fcr Babys<\/span><\/a><\/p>\n","protected":false},"author":1,"featured_media":0,"parent":0,"menu_order":0,"comment_status":"closed","ping_status":"closed","template":"","meta":{"footnotes":""},"class_list":["post-18","page","type-page","status-publish","hentry","without-featured-image"],"_links":{"self":[{"href":"https:\/\/musikfee.com\/index.php?rest_route=\/wp\/v2\/pages\/18","targetHints":{"allow":["GET"]}}],"collection":[{"href":"https:\/\/musikfee.com\/index.php?rest_route=\/wp\/v2\/pages"}],"about":[{"href":"https:\/\/musikfee.com\/index.php?rest_route=\/wp\/v2\/types\/page"}],"author":[{"embeddable":true,"href":"https:\/\/musikfee.com\/index.php?rest_route=\/wp\/v2\/users\/1"}],"replies":[{"embeddable":true,"href":"https:\/\/musikfee.com\/index.php?rest_route=%2Fwp%2Fv2%2Fcomments&post=18"}],"version-history":[{"count":16,"href":"https:\/\/musikfee.com\/index.php?rest_route=\/wp\/v2\/pages\/18\/revisions"}],"predecessor-version":[{"id":163,"href":"https:\/\/musikfee.com\/index.php?rest_route=\/wp\/v2\/pages\/18\/revisions\/163"}],"wp:attachment":[{"href":"https:\/\/musikfee.com\/index.php?rest_route=%2Fwp%2Fv2%2Fmedia&parent=18"}],"curies":[{"name":"wp","href":"https:\/\/api.w.org\/{rel}","templated":true}]}}