{"id":167,"date":"2018-01-29T22:26:42","date_gmt":"2018-01-29T21:26:42","guid":{"rendered":"http:\/\/musikfee.com\/?page_id=167"},"modified":"2018-01-29T22:26:42","modified_gmt":"2018-01-29T21:26:42","slug":"musikalische-frueherziehung-2","status":"publish","type":"page","link":"https:\/\/musikfee.com\/?page_id=167","title":{"rendered":"Musikalische Fr\u00fcherziehung"},"content":{"rendered":"<p><a href=\"https:\/\/musikfee.com\/wp-content\/uploads\/2015\/05\/musikfee_about.png\"><img loading=\"lazy\" decoding=\"async\" class=\"aligncenter size-full wp-image-81\" src=\"https:\/\/musikfee.com\/wp-content\/uploads\/2015\/05\/musikfee_about.png\" alt=\"\" width=\"691\" height=\"86\" srcset=\"https:\/\/musikfee.com\/wp-content\/uploads\/2015\/05\/musikfee_about.png 691w, https:\/\/musikfee.com\/wp-content\/uploads\/2015\/05\/musikfee_about-300x37.png 300w\" sizes=\"auto, (max-width: 691px) 100vw, 691px\" \/><\/a><\/p>\n<p>Musikalische Fr\u00fcherziehung ist ein vorbereitender Unterricht f\u00fcr sp\u00e4teren Instrumental- oder Gesangs-Unterricht.<\/p>\n<p>Die Musikstunde besteht aus Singen, Tanz und Bewegung, Instrumentenkunde, Musikh\u00f6ren, elementares Instrumentalspiel, Grundlagen der Notenlehre. Es werden Lieder gesungen, Musikinstrumente angeschaut und ausprobiert, Tanzbewegungen ausgef\u00fchrt, Musik geh\u00f6rt und vieles mehr.<\/p>\n<p>Wir arbeiten mit dem Unterrichtskonzept Musik und Tanz f\u00fcr Kinder (Schott Verlag).<\/p>\n<ul>\n<li>Dieser Musikkurs ist f\u00fcr Kinder ab 4 Jahren (ohne Begleitperson) geeignet<\/li>\n<li>Pro Schuljahr werden 2 Kurse veranstalltet<\/li>\n<li>Jeder Kurs dauert etwa 15 Unterrichtsstunden (60 Minuten pro Unterricht)<\/li>\n<li>Der Kurs findet in der Musikschule Musikfee in Frechen K\u00f6nigsdorf statt<\/li>\n<\/ul>\n","protected":false},"excerpt":{"rendered":"<p>Musikalische Fr\u00fcherziehung ist ein vorbereitender Unterricht f\u00fcr sp\u00e4teren Instrumental- oder Gesangs-Unterricht. Die Musikstunde besteht aus Singen, Tanz und Bewegung, Instrumentenkunde, Musikh\u00f6ren, elementares Instrumentalspiel, Grundlagen der Notenlehre. Es werden Lieder gesungen, Musikinstrumente angeschaut und ausprobiert, Tanzbewegungen ausgef\u00fchrt, Musik geh\u00f6rt und vieles mehr. Wir arbeiten mit dem Unterrichtskonzept Musik und Tanz f\u00fcr Kinder (Schott Verlag). Dieser Musikkurs &hellip; <a href=\"https:\/\/musikfee.com\/?page_id=167\" class=\"more-link\">Weiterlesen <span class=\"screen-reader-text\">Musikalische Fr\u00fcherziehung<\/span><\/a><\/p>\n","protected":false},"author":1,"featured_media":0,"parent":0,"menu_order":0,"comment_status":"closed","ping_status":"closed","template":"","meta":{"footnotes":""},"class_list":["post-167","page","type-page","status-publish","hentry","without-featured-image"],"_links":{"self":[{"href":"https:\/\/musikfee.com\/index.php?rest_route=\/wp\/v2\/pages\/167","targetHints":{"allow":["GET"]}}],"collection":[{"href":"https:\/\/musikfee.com\/index.php?rest_route=\/wp\/v2\/pages"}],"about":[{"href":"https:\/\/musikfee.com\/index.php?rest_route=\/wp\/v2\/types\/page"}],"author":[{"embeddable":true,"href":"https:\/\/musikfee.com\/index.php?rest_route=\/wp\/v2\/users\/1"}],"replies":[{"embeddable":true,"href":"https:\/\/musikfee.com\/index.php?rest_route=%2Fwp%2Fv2%2Fcomments&post=167"}],"version-history":[{"count":1,"href":"https:\/\/musikfee.com\/index.php?rest_route=\/wp\/v2\/pages\/167\/revisions"}],"predecessor-version":[{"id":168,"href":"https:\/\/musikfee.com\/index.php?rest_route=\/wp\/v2\/pages\/167\/revisions\/168"}],"wp:attachment":[{"href":"https:\/\/musikfee.com\/index.php?rest_route=%2Fwp%2Fv2%2Fmedia&parent=167"}],"curies":[{"name":"wp","href":"https:\/\/api.w.org\/{rel}","templated":true}]}}