{"id":123,"date":"2015-05-26T22:37:18","date_gmt":"2015-05-26T20:37:18","guid":{"rendered":"http:\/\/musikfee.com\/?page_id=123"},"modified":"2026-01-12T16:46:23","modified_gmt":"2026-01-12T15:46:23","slug":"gesangsunterricht","status":"publish","type":"page","link":"https:\/\/musikfee.com\/?page_id=123","title":{"rendered":"Gesangsunterricht"},"content":{"rendered":"<h2 data-start=\"365\" data-end=\"412\">Gesangsunterricht im Musikatelier Musikfee<\/h2>\n<h3 data-start=\"413\" data-end=\"492\">Grundtechniken des klassischen Gesangs \u2013 gesund, frei und mit Freude singen<\/h3>\n<p data-start=\"494\" data-end=\"786\">Viele singfreudige Menschen sp\u00fcren, dass mehr in ihrer Stimme steckt \u2013 und stellen sich irgendwann ganz nat\u00fcrliche Fragen:<br data-start=\"616\" data-end=\"619\" \/><strong data-start=\"619\" data-end=\"664\">Wie funktioniert meine Stimme eigentlich?<\/strong><br data-start=\"664\" data-end=\"667\" \/><strong data-start=\"667\" data-end=\"718\">Wie atme ich richtig, ohne mich zu verkrampfen?<\/strong><br data-start=\"718\" data-end=\"721\" \/><strong data-start=\"721\" data-end=\"786\">Was hat mein K\u00f6rper mit Klang, H\u00f6he und Tragf\u00e4higkeit zu tun?<\/strong><\/p>\n<p data-start=\"788\" data-end=\"1171\">Im <strong data-start=\"791\" data-end=\"837\">Gesangsunterricht im Musikatelier Musikfee<\/strong> entdecken Sie Schritt f\u00fcr Schritt Ihre Stimme \u2013 in einer ruhigen, wertsch\u00e4tzenden Atmosph\u00e4re und ohne Leistungsdruck. Im Mittelpunkt stehen die <strong data-start=\"982\" data-end=\"1020\">Grundlagen des klassischen Gesangs<\/strong>, die Ihnen helfen, sicherer, freier und ges\u00fcnder zu singen \u2013 ganz unabh\u00e4ngig davon, ob Sie Anf\u00e4ngerin\/Anf\u00e4nger sind oder bereits Erfahrung mitbringen.<\/p>\n<p data-start=\"1173\" data-end=\"1597\">Sie lernen, wie eine <strong data-start=\"1194\" data-end=\"1219\">gesunde Stimmfunktion<\/strong> entsteht und wie Sie Ihre Stimme langfristig pflegen und kr\u00e4ftigen k\u00f6nnen. Wir besch\u00e4ftigen uns mit <strong data-start=\"1320\" data-end=\"1380\">Atmung, K\u00f6rperhaltung, St\u00fctze, Resonanz und Artikulation<\/strong> \u2013 also mit den Bausteinen, die Singen leicht(er) machen. Erg\u00e4nzend flie\u00dfen <strong data-start=\"1456\" data-end=\"1505\">sinnvolle Lockerungs- und Entspannungs\u00fcbungen<\/strong> ein, damit K\u00f6rper und Stimme in Balance kommen und sich der Klang nat\u00fcrlich entfalten kann.<\/p>\n<p data-start=\"1599\" data-end=\"1915\">Gemeinsam erarbeiten wir passende <strong data-start=\"1633\" data-end=\"1651\">Gesangs\u00fcbungen<\/strong> und wenden die Technik Schritt f\u00fcr Schritt auf Lieder und musikalische St\u00fccke an. So entsteht Training, das nicht nur wirksam ist, sondern auch Spa\u00df macht \u2013 und Ihnen hilft, Ihre Stimme besser kennenzulernen, ihr zu vertrauen und sie klanglich weiterzuentwickeln.<\/p>\n<p data-start=\"1917\" data-end=\"2114\">Der <strong data-start=\"1921\" data-end=\"1996\">Gesangsunterricht findet im Musikatelier Musikfee in Frechen-K\u00f6nigsdorf<\/strong> statt.<br data-start=\"2003\" data-end=\"2006\" \/>Wenn Sie m\u00f6chten, k\u00f6nnen Sie das Angebot zun\u00e4chst in einer <strong data-start=\"2065\" data-end=\"2100\">unverbindlichen Schnupperstunde<\/strong> kennenlernen.<\/p>\n","protected":false},"excerpt":{"rendered":"<p>Gesangsunterricht im Musikatelier Musikfee Grundtechniken des klassischen Gesangs \u2013 gesund, frei und mit Freude singen Viele singfreudige Menschen sp\u00fcren, dass mehr in ihrer Stimme steckt \u2013 und stellen sich irgendwann ganz nat\u00fcrliche Fragen:Wie funktioniert meine Stimme eigentlich?Wie atme ich richtig, ohne mich zu verkrampfen?Was hat mein K\u00f6rper mit Klang, H\u00f6he und Tragf\u00e4higkeit zu tun? Im &hellip; <a href=\"https:\/\/musikfee.com\/?page_id=123\" class=\"more-link\">Weiterlesen <span class=\"screen-reader-text\">Gesangsunterricht<\/span><\/a><\/p>\n","protected":false},"author":1,"featured_media":0,"parent":0,"menu_order":0,"comment_status":"closed","ping_status":"closed","template":"","meta":{"footnotes":""},"class_list":["post-123","page","type-page","status-publish","hentry","without-featured-image"],"_links":{"self":[{"href":"https:\/\/musikfee.com\/index.php?rest_route=\/wp\/v2\/pages\/123","targetHints":{"allow":["GET"]}}],"collection":[{"href":"https:\/\/musikfee.com\/index.php?rest_route=\/wp\/v2\/pages"}],"about":[{"href":"https:\/\/musikfee.com\/index.php?rest_route=\/wp\/v2\/types\/page"}],"author":[{"embeddable":true,"href":"https:\/\/musikfee.com\/index.php?rest_route=\/wp\/v2\/users\/1"}],"replies":[{"embeddable":true,"href":"https:\/\/musikfee.com\/index.php?rest_route=%2Fwp%2Fv2%2Fcomments&post=123"}],"version-history":[{"count":6,"href":"https:\/\/musikfee.com\/index.php?rest_route=\/wp\/v2\/pages\/123\/revisions"}],"predecessor-version":[{"id":207,"href":"https:\/\/musikfee.com\/index.php?rest_route=\/wp\/v2\/pages\/123\/revisions\/207"}],"wp:attachment":[{"href":"https:\/\/musikfee.com\/index.php?rest_route=%2Fwp%2Fv2%2Fmedia&parent=123"}],"curies":[{"name":"wp","href":"https:\/\/api.w.org\/{rel}","templated":true}]}}