{"id":111,"date":"2015-05-26T22:02:15","date_gmt":"2015-05-26T20:02:15","guid":{"rendered":"http:\/\/musikfee.com\/?page_id=111"},"modified":"2018-01-29T22:40:44","modified_gmt":"2018-01-29T21:40:44","slug":"kursleitung","status":"publish","type":"page","link":"https:\/\/musikfee.com\/?page_id=111","title":{"rendered":"Kursleitung"},"content":{"rendered":"<h1><a href=\"https:\/\/musikfee.com\/wp-content\/uploads\/2015\/05\/musikfee_portrait.jpg\"><img loading=\"lazy\" decoding=\"async\" class=\" size-full wp-image-112 alignleft\" src=\"https:\/\/musikfee.com\/wp-content\/uploads\/2015\/05\/musikfee_portrait.jpg\" alt=\"musikfee_portrait\" width=\"362\" height=\"590\" srcset=\"https:\/\/musikfee.com\/wp-content\/uploads\/2015\/05\/musikfee_portrait.jpg 362w, https:\/\/musikfee.com\/wp-content\/uploads\/2015\/05\/musikfee_portrait-184x300.jpg 184w, https:\/\/musikfee.com\/wp-content\/uploads\/2015\/05\/musikfee_portrait-233x380.jpg 233w\" sizes=\"auto, (max-width: 362px) 100vw, 362px\" \/><\/a>Svetlana Vlcek<\/h1>\n<p>Geb. 1975 in Sankt Petersburg<\/p>\n<ul>\n<li>1992-1996 Operngesangsstudium an der Musikhochule des staatlichen N.A. Rimski-Korsakov- Konservatoriums in Sankt Petersburg, Abschluss mit Diplom<\/li>\n<\/ul>\n<ul>\n<li>1998-2001 Studium der Musik- und Gesangsp\u00e4dagogik an der Folkwang Hochschule Essen, Abschluss mit Diplom<\/li>\n<\/ul>\n<ul>\n<li>2006 Weiterbildung zur lizensierten Musikgartenleiterin in Hagen und Essen<\/li>\n<\/ul>\n<ul>\n<li>2007 Fortbildung im Fach Musikalische Fr\u00fcherziehung und Grundausbildung, Musikschule der Stadt M\u00f6nchengladbach, Abschluss mit Diplom<\/li>\n<\/ul>\n<p>&nbsp;<\/p>\n<h2>Berufspraxis<\/h2>\n<ul>\n<li>seit 2001 &#8211; Leitung der Gesangskurse an der Musikschule der Stadt M\u00fclheim an der Ruhr, Leiterin des Kurses &#8222;Stimmbildung&#8220;<\/li>\n<\/ul>\n<ul>\n<li>2001 bis 2011 &#8211; Lehrkraft f\u00fcr die F\u00e4cher Gesang und musikalische Fr\u00fcherziehung an der Musikschule Kulturhaus Rhein-Ruhr, Duisburg<\/li>\n<\/ul>\n<ul>\n<li>2004 bis 2009 &#8211; Unterricht der musikalischen Fr\u00fcherziehung an der Musikschule Musik Live, Dinslaken<\/li>\n<\/ul>\n<ul>\n<li>seit 2006 &#8211; Musikgarten-Unterricht und musikalische Fr\u00fcherziehung an der Musikschule der Stadt M\u00fclheim an der Ruhr<\/li>\n<\/ul>\n<ul>\n<li>seit 2016 &#8211; Unterricht von <a href=\"https:\/\/www.jekits.de\/\">JeKits<\/a> (Jedem Kind Instrumente, Tanzen, Singen &#8211; ein kulturelles Bildungsprogramm des Landes Nordrhein-Westfalen) an der Katharinenschule, katholischen Grundschule in M\u00fclheim an der Ruhr<\/li>\n<\/ul>\n<ul>\n<li>seit 2014 &#8211; Musikunterricht im Musikatelier Musikfee, Frechen-K\u00f6nigsdorf<\/li>\n<\/ul>\n","protected":false},"excerpt":{"rendered":"<p>Svetlana Vlcek Geb. 1975 in Sankt Petersburg 1992-1996 Operngesangsstudium an der Musikhochule des staatlichen N.A. Rimski-Korsakov- Konservatoriums in Sankt Petersburg, Abschluss mit Diplom 1998-2001 Studium der Musik- und Gesangsp\u00e4dagogik an der Folkwang Hochschule Essen, Abschluss mit Diplom 2006 Weiterbildung zur lizensierten Musikgartenleiterin in Hagen und Essen 2007 Fortbildung im Fach Musikalische Fr\u00fcherziehung und Grundausbildung, Musikschule &hellip; <a href=\"https:\/\/musikfee.com\/?page_id=111\" class=\"more-link\">Weiterlesen <span class=\"screen-reader-text\">Kursleitung<\/span><\/a><\/p>\n","protected":false},"author":1,"featured_media":0,"parent":0,"menu_order":0,"comment_status":"closed","ping_status":"closed","template":"","meta":{"footnotes":""},"class_list":["post-111","page","type-page","status-publish","hentry","without-featured-image"],"_links":{"self":[{"href":"https:\/\/musikfee.com\/index.php?rest_route=\/wp\/v2\/pages\/111","targetHints":{"allow":["GET"]}}],"collection":[{"href":"https:\/\/musikfee.com\/index.php?rest_route=\/wp\/v2\/pages"}],"about":[{"href":"https:\/\/musikfee.com\/index.php?rest_route=\/wp\/v2\/types\/page"}],"author":[{"embeddable":true,"href":"https:\/\/musikfee.com\/index.php?rest_route=\/wp\/v2\/users\/1"}],"replies":[{"embeddable":true,"href":"https:\/\/musikfee.com\/index.php?rest_route=%2Fwp%2Fv2%2Fcomments&post=111"}],"version-history":[{"count":5,"href":"https:\/\/musikfee.com\/index.php?rest_route=\/wp\/v2\/pages\/111\/revisions"}],"predecessor-version":[{"id":171,"href":"https:\/\/musikfee.com\/index.php?rest_route=\/wp\/v2\/pages\/111\/revisions\/171"}],"wp:attachment":[{"href":"https:\/\/musikfee.com\/index.php?rest_route=%2Fwp%2Fv2%2Fmedia&parent=111"}],"curies":[{"name":"wp","href":"https:\/\/api.w.org\/{rel}","templated":true}]}}